{"id":815,"date":"2014-11-07T23:22:05","date_gmt":"2014-11-07T22:22:05","guid":{"rendered":"http:\/\/www.votom.cz\/?page_id=815"},"modified":"2024-06-10T15:26:48","modified_gmt":"2024-06-10T14:26:48","slug":"biografie","status":"publish","type":"page","link":"https:\/\/votom.cz\/wp\/biografie\/","title":{"rendered":"Biografie"},"content":{"rendered":"<p><span style=\"text-decoration: underline;\"><strong>Miloslav Hasil<\/strong><br \/>\n<\/span>&#8211; el.kytara, zp\u011bv<br \/>\n<span style=\"text-decoration: underline;\"><strong>Pavel Hasil<\/strong><br \/>\n<\/span>&#8211; el.baskytara, zp\u011bv sbory<\/p>\n<p><span style=\"text-decoration: underline;\"><strong>V\u00e1clav Dvo\u0159\u00e1k<\/strong><\/span>\u00a0 \u00a0 \u00a0 \u00a0 \u00a0 \u00a0 \u00a0 \u00a0 \u00a0 \u00a0 \u00a0 \u00a0 \u00a0 \u00a0 \u00a0 \u00a0 \u00a0 \u00a0 \u00a0 \u00a0 \u00a0 \u00a0 \u00a0 \u00a0 \u00a0 \u00a0 \u00a0 \u00a0 \u00a0 \u00a0 \u00a0 \u00a0 \u00a0 \u00a0 \u00a0 \u00a0 \u00a0 \u00a0 \u00a0 \u00a0 \u00a0 \u00a0 \u00a0 \u00a0 \u00a0 \u00a0 \u00a0 \u00a0 \u00a0 \u00a0 \u00a0 \u00a0 \u00a0 \u00a0 \u00a0 \u00a0 \u00a0 \u00a0 \u00a0 \u00a0 \u00a0 \u00a0 \u00a0 \u00a0 &#8211;\u00a0 &#8211; el.kytara, zp\u011bv sbory<\/p>\n<div>\n<div><strong>Maty\u00e1\u0161 Nosek<\/strong><\/div>\n<div>&#8211; bic\u00ed<\/div>\n<\/div>\n<div><\/div>\n<div><strong><span style=\"text-decoration: underline;\">B\u00fdval\u00ed spoluhr\u00e1\u010di :<\/span><\/strong><\/div>\n<div>\n<div><\/div>\n<div>\n<div>V\u00e1clav V\u00fdborn\u00fd &#8211; bic\u00ed<\/div>\n<div>Simon Bene\u0161 &#8211; bic\u00ed<\/div>\n<div>Bohou\u0161 Nekola- bic\u00ed<\/div>\n<div>Tom\u00e1\u0161 Hasil &#8211; bic\u00ed<\/div>\n<\/div>\n<div>Miroslav\u00a0\u0160uba\u00a0 \u00a0 \u00a0 &#8211; el.kytara<\/div>\n<div>Milan Dupal &#8211; el.kytara<\/div>\n<div>Radek Mugrauer &#8211; el.kytara<\/div>\n<div>Libor Mengler &#8211; bic\u00ed<\/div>\n<\/div>\n","protected":false},"excerpt":{"rendered":"<p>Miloslav Hasil &#8211; el.kytara, zp\u011bv Pavel Hasil &#8211; el.baskytara, zp\u011bv sbory V\u00e1clav Dvo\u0159\u00e1k\u00a0 \u00a0 \u00a0 \u00a0 \u00a0 \u00a0 \u00a0 \u00a0 \u00a0 \u00a0 \u00a0 \u00a0 \u00a0 \u00a0 \u00a0 \u00a0 \u00a0 \u00a0 \u00a0 \u00a0 \u00a0 \u00a0 \u00a0 \u00a0 \u00a0 \u00a0 \u00a0 \u00a0 \u00a0 \u00a0 \u00a0 \u00a0 \u00a0 \u00a0 \u00a0 \u00a0 \u00a0 \u00a0 \u00a0 \u00a0 \u00a0 \u00a0 \u00a0 [&hellip;]<\/p>\n","protected":false},"author":1,"featured_media":0,"parent":0,"menu_order":0,"comment_status":"closed","ping_status":"closed","template":"","meta":{"footnotes":""},"class_list":["post-815","page","type-page","status-publish","hentry"],"_links":{"self":[{"href":"https:\/\/votom.cz\/wp\/wp-json\/wp\/v2\/pages\/815","targetHints":{"allow":["GET"]}}],"collection":[{"href":"https:\/\/votom.cz\/wp\/wp-json\/wp\/v2\/pages"}],"about":[{"href":"https:\/\/votom.cz\/wp\/wp-json\/wp\/v2\/types\/page"}],"author":[{"embeddable":true,"href":"https:\/\/votom.cz\/wp\/wp-json\/wp\/v2\/users\/1"}],"replies":[{"embeddable":true,"href":"https:\/\/votom.cz\/wp\/wp-json\/wp\/v2\/comments?post=815"}],"version-history":[{"count":0,"href":"https:\/\/votom.cz\/wp\/wp-json\/wp\/v2\/pages\/815\/revisions"}],"wp:attachment":[{"href":"https:\/\/votom.cz\/wp\/wp-json\/wp\/v2\/media?parent=815"}],"curies":[{"name":"wp","href":"https:\/\/api.w.org\/{rel}","templated":true}]}}